{"id":25124,"date":"2025-04-18T08:38:59","date_gmt":"2025-04-18T08:38:59","guid":{"rendered":"https:\/\/schtega.com\/?page_id=25124"},"modified":"2025-05-18T22:52:31","modified_gmt":"2025-05-18T22:52:31","slug":"servicios","status":"publish","type":"page","link":"https:\/\/schtega.com\/es\/servicios\/","title":{"rendered":"Nuestros Servicios"},"content":{"rendered":"\t\t<div data-elementor-type=\"wp-page\" data-elementor-id=\"25124\" class=\"elementor elementor-25124\">\n\t\t\t\t<div class=\"wd-negative-gap elementor-element elementor-element-4e24804 e-flex e-con-boxed e-con e-parent\" data-id=\"4e24804\" data-element_type=\"container\">\n\t\t\t\t\t<div class=\"e-con-inner\">\n\t\t<div class=\"elementor-element elementor-element-bb974da e-con-full e-flex e-con e-child\" data-id=\"bb974da\" data-element_type=\"container\">\n\t\t\t\t<div class=\"elementor-element elementor-element-f2a5919 color-scheme-inherit text-left elementor-widget elementor-widget-text-editor\" data-id=\"f2a5919\" data-element_type=\"widget\" data-widget_type=\"text-editor.default\">\n\t\t\t\t<div class=\"elementor-widget-container\">\n\t\t\t\t\t\t\t\t\t<h2>LLAMANDO AL MAESTRO Y SELECCIONANDO LA SOLUCI\u00d3N \u00d3PTIMA<\/h2><p>Hacemos todo para que ahorres tu tiempo. No tienes m\u00e1s que llamarnos al 692-045-599 o dejar una solicitud en nuestra web. El gerente se comunicar\u00e1 con usted en breve y programar\u00e1 que un top\u00f3grafo vaya a su casa en cualquier momento que le resulte conveniente. Nuestro especialista, junto con usted, seleccionar\u00e1 la mejor opci\u00f3n para ventanas y acristalamientos, tendr\u00e1 en cuenta todas las caracter\u00edsticas de la instalaci\u00f3n futura: m\u00e9todos de apertura, n\u00famero de hojas de ventana, le presentar\u00e1 todas las etapas del trabajo planificado y responder\u00e1 cualquier pregunta.<\/p>\t\t\t\t\t\t\t\t<\/div>\n\t\t\t\t<\/div>\n\t\t\t\t<\/div>\n\t\t<div class=\"elementor-element elementor-element-c55f3c9 e-con-full e-flex e-con e-child\" data-id=\"c55f3c9\" data-element_type=\"container\">\n\t\t\t\t<div class=\"elementor-element elementor-element-d251562 elementor-widget elementor-widget-image\" data-id=\"d251562\" data-element_type=\"widget\" data-widget_type=\"image.default\">\n\t\t\t\t<div class=\"elementor-widget-container\">\n\t\t\t\t\t\t\t\t\t\t\t\t\t\t\t<img fetchpriority=\"high\" decoding=\"async\" width=\"691\" height=\"784\" src=\"https:\/\/schtega.com\/wp-content\/themes\/woodmart\/images\/lazy.svg\" class=\"attachment-full size-full wp-image-25131\" alt=\"\" srcset=\"\" sizes=\"(max-width: 691px) 100vw, 691px\" data-src=\"https:\/\/schtega.com\/wp-content\/uploads\/2025\/04\/1654604677_394824.jpg\" data-srcset=\"https:\/\/schtega.com\/wp-content\/uploads\/2025\/04\/1654604677_394824.jpg 691w, https:\/\/schtega.com\/wp-content\/uploads\/2025\/04\/1654604677_394824-264x300.jpg 264w\" \/>\t\t\t\t\t\t\t\t\t\t\t\t\t\t\t<\/div>\n\t\t\t\t<\/div>\n\t\t\t\t<\/div>\n\t\t\t\t\t<\/div>\n\t\t\t\t<\/div>\n\t\t<div class=\"wd-negative-gap elementor-element elementor-element-bc5ff1a wd-section-stretch e-flex e-con-boxed e-con e-parent\" data-id=\"bc5ff1a\" data-element_type=\"container\" data-settings=\"{&quot;background_background&quot;:&quot;classic&quot;}\">\n\t\t\t\t\t<div class=\"e-con-inner\">\n\t\t<div class=\"elementor-element elementor-element-90fe999 e-con-full e-flex e-con e-child\" data-id=\"90fe999\" data-element_type=\"container\">\n\t\t\t\t<div class=\"elementor-element elementor-element-41e762f elementor-widget elementor-widget-image\" data-id=\"41e762f\" data-element_type=\"widget\" data-widget_type=\"image.default\">\n\t\t\t\t<div class=\"elementor-widget-container\">\n\t\t\t\t\t\t\t\t\t\t\t\t\t\t\t<img decoding=\"async\" width=\"540\" height=\"497\" src=\"https:\/\/schtega.com\/wp-content\/themes\/woodmart\/images\/lazy.svg\" class=\"attachment-full size-full wp-image-25130\" alt=\"\" srcset=\"\" sizes=\"(max-width: 540px) 100vw, 540px\" data-src=\"https:\/\/schtega.com\/wp-content\/uploads\/2025\/04\/1638816106_641266.jpg\" data-srcset=\"https:\/\/schtega.com\/wp-content\/uploads\/2025\/04\/1638816106_641266.jpg 540w, https:\/\/schtega.com\/wp-content\/uploads\/2025\/04\/1638816106_641266-326x300.jpg 326w\" \/>\t\t\t\t\t\t\t\t\t\t\t\t\t\t\t<\/div>\n\t\t\t\t<\/div>\n\t\t\t\t<\/div>\n\t\t<div class=\"elementor-element elementor-element-f1ba094 e-con-full e-flex e-con e-child\" data-id=\"f1ba094\" data-element_type=\"container\">\n\t\t\t\t<div class=\"elementor-element elementor-element-aaba01c color-scheme-inherit text-left elementor-widget elementor-widget-text-editor\" data-id=\"aaba01c\" data-element_type=\"widget\" data-widget_type=\"text-editor.default\">\n\t\t\t\t<div class=\"elementor-widget-container\">\n\t\t\t\t\t\t\t\t\t<h2>INSTALACION Y MONTAJE<\/h2><p>La instalaci\u00f3n correcta y de alta calidad es una garant\u00eda de que las ventanas le servir\u00e1n durante mucho tiempo y de forma segura. Prestamos especial atenci\u00f3n a la instalaci\u00f3n y estamos seguros de que es necesario solicitar la instalaci\u00f3n de ventanas de pl\u00e1stico a profesionales. Nuestros instaladores lo salvar\u00e1n de los riesgos asociados con la p\u00e9rdida de calor, la condensaci\u00f3n en el vidrio y los accesorios atascados. Para todos los trabajos de instalaci\u00f3n, utilizamos solo materiales certificados y herramientas de trabajo profesionales. Todo el trabajo se realiza de acuerdo con las normas ISO, con cuidado del medio ambiente. Nos enfocamos en las necesidades del cliente y nos aseguramos de que el cliente se sienta c\u00f3modo en cualquier etapa de la cooperaci\u00f3n con nuestra empresa.<\/p>\t\t\t\t\t\t\t\t<\/div>\n\t\t\t\t<\/div>\n\t\t\t\t<\/div>\n\t\t\t\t\t<\/div>\n\t\t\t\t<\/div>\n\t\t<div class=\"wd-negative-gap elementor-element elementor-element-095d07c e-flex e-con-boxed e-con e-parent\" data-id=\"095d07c\" data-element_type=\"container\">\n\t\t\t\t\t<div class=\"e-con-inner\">\n\t\t<div class=\"elementor-element elementor-element-171d126 e-con-full e-flex e-con e-child\" data-id=\"171d126\" data-element_type=\"container\">\n\t\t\t\t<div class=\"elementor-element elementor-element-2022c87 color-scheme-inherit text-left elementor-widget elementor-widget-text-editor\" data-id=\"2022c87\" data-element_type=\"widget\" data-widget_type=\"text-editor.default\">\n\t\t\t\t<div class=\"elementor-widget-container\">\n\t\t\t\t\t\t\t\t\t<h2>ENTREGA<\/h2><p>Las ventanas y estructuras son cargas fr\u00e1giles y de gran tama\u00f1o y requieren un manejo cuidadoso y un transporte especialmente equipado para su transporte. Suministramos ventanas y estructuras, as\u00ed como todos los componentes a los veh\u00edculos de nuestra empresa, especialmente equipados para garantizar la seguridad de sus productos. Entregamos de acuerdo con todos los requisitos de seguridad, de acuerdo con la fecha pactada en el contrato. Nuestros empleados entregan productos y estructuras a su domicilio con un costo m\u00ednimo, si su direcci\u00f3n de entrega se encuentra en una zona privilegiada, a no m\u00e1s de 50 km de nuestra producci\u00f3n. Excepciones y condiciones especiales como: Si la entrega debe ser fuera de la zona privilegiada. Si las estructuras no pueden atravesar la entrada. Si las estructuras no se pueden levantar con un ascensor. Si la estructura tiene m\u00e1s de 60 m2 o pesa m\u00e1s de 150 kg. Nos veremos obligados a utilizar las fuerzas de equipos adicionales, transporte especial o una gr\u00faa, el costo de la entrega se calcular\u00e1 individualmente.<\/p>\t\t\t\t\t\t\t\t<\/div>\n\t\t\t\t<\/div>\n\t\t\t\t<\/div>\n\t\t<div class=\"elementor-element elementor-element-f696c78 e-con-full e-flex e-con e-child\" data-id=\"f696c78\" data-element_type=\"container\">\n\t\t\t\t<div class=\"elementor-element elementor-element-9c578e9 elementor-widget elementor-widget-image\" data-id=\"9c578e9\" data-element_type=\"widget\" data-widget_type=\"image.default\">\n\t\t\t\t<div class=\"elementor-widget-container\">\n\t\t\t\t\t\t\t\t\t\t\t\t\t\t\t<img decoding=\"async\" width=\"601\" height=\"615\" src=\"https:\/\/schtega.com\/wp-content\/themes\/woodmart\/images\/lazy.svg\" class=\"attachment-full size-full wp-image-25129\" alt=\"\" srcset=\"\" sizes=\"(max-width: 601px) 100vw, 601px\" data-src=\"https:\/\/schtega.com\/wp-content\/uploads\/2025\/04\/1729262658_307672.jpg\" data-srcset=\"https:\/\/schtega.com\/wp-content\/uploads\/2025\/04\/1729262658_307672.jpg 601w, https:\/\/schtega.com\/wp-content\/uploads\/2025\/04\/1729262658_307672-293x300.jpg 293w\" \/>\t\t\t\t\t\t\t\t\t\t\t\t\t\t\t<\/div>\n\t\t\t\t<\/div>\n\t\t\t\t<\/div>\n\t\t\t\t\t<\/div>\n\t\t\t\t<\/div>\n\t\t<div class=\"wd-negative-gap elementor-element elementor-element-58ac335 e-flex e-con-boxed e-con e-parent\" data-id=\"58ac335\" data-element_type=\"container\" data-settings=\"{&quot;background_background&quot;:&quot;gradient&quot;}\">\n\t\t\t\t\t<div class=\"e-con-inner\">\n\t\t<div class=\"elementor-element elementor-element-2598e3d e-con-full e-flex e-con e-child\" data-id=\"2598e3d\" data-element_type=\"container\">\n\t\t\t\t<div class=\"elementor-element elementor-element-f681f6c elementor-widget-mobile__width-initial elementor-widget elementor-widget-heading\" data-id=\"f681f6c\" data-element_type=\"widget\" data-widget_type=\"heading.default\">\n\t\t\t\t<div class=\"elementor-widget-container\">\n\t\t\t\t\t<h5 class=\"elementor-heading-title elementor-size-default\"><h5 data-elementor-setting-key=\"title\" data-pen-placeholder=\"Type Here...\" style=\"font-style: normal; font-variant-ligatures: normal; font-variant-caps: normal; font-weight: 600; font-family: Roboto, Arial, Helvetica, sans-serif; color: rgb(33, 37, 41); text-transform: none;\"><span style=\"font-family: Roboto, Arial, Helvetica, sans-serif; font-size: 28px; font-style: normal; font-variant-ligatures: normal; font-variant-caps: normal; font-weight: 600; background-color: transparent;\">Obtener un presupuesto online sin compromiso <\/span><span style=\"font-family: Roboto, Arial, Helvetica, sans-serif; font-size: 28px; font-style: normal; font-weight: 600; background-color: transparent;\"><\/span><\/h5><\/h5>\t\t\t\t<\/div>\n\t\t\t\t<\/div>\n\t\t<div class=\"elementor-element elementor-element-5f79a17 e-con-full e-flex e-con e-child\" data-id=\"5f79a17\" data-element_type=\"container\">\n\t\t\t\t<div class=\"elementor-element elementor-element-d49018c elementor-widget elementor-widget-wd_button\" data-id=\"d49018c\" data-element_type=\"widget\" data-widget_type=\"wd_button.default\">\n\t\t\t\t<div class=\"elementor-widget-container\">\n\t\t\t\t\t\t\t<div class=\"wd-button-wrapper text-center\" >\n\t\t\t<a class=\"btn btn-style-default btn-shape-semi-round btn-size-large btn-color-primary btn-icon-pos-right\"  href=\"\/es\/precios\/\">\n\t\t\t\t<span class=\"wd-btn-text\" data-elementor-setting-key=\"text\">\n\t\t\t\t\tsi, quero presupuesto\t\t\t\t<\/span>\n\n\t\t\t\t\t\t\t<\/a>\n\t\t<\/div>\n\t\t\t\t\t\t<\/div>\n\t\t\t\t<\/div>\n\t\t\t\t<\/div>\n\t\t\t\t<\/div>\n\t\t<div class=\"elementor-element elementor-element-2700380 e-con-full e-flex e-con e-child\" data-id=\"2700380\" data-element_type=\"container\">\n\t\t\t\t<div class=\"elementor-element elementor-element-21dd123 elementor-widget elementor-widget-wd_image_or_svg\" data-id=\"21dd123\" data-element_type=\"widget\" data-widget_type=\"wd_image_or_svg.default\">\n\t\t\t\t<div class=\"elementor-widget-container\">\n\t\t\t\t\t\n\t\t<div class=\"wd-image text-center\">\n\t\t\t\t\t\t\t\t<img loading=\"lazy\" decoding=\"async\" width=\"210\" height=\"210\" src=\"https:\/\/schtega.com\/wp-content\/uploads\/2025\/05\/calc-210x210.png\" class=\"attachment-210x210 size-210x210\" alt=\"\" srcset=\"https:\/\/schtega.com\/wp-content\/uploads\/2025\/05\/calc-210x210.png 210w, https:\/\/schtega.com\/wp-content\/uploads\/2025\/05\/calc-150x150.png 150w, https:\/\/schtega.com\/wp-content\/uploads\/2025\/05\/calc-250x250.png 250w, https:\/\/schtega.com\/wp-content\/uploads\/2025\/05\/calc-220x220.png 220w\" sizes=\"(max-width: 210px) 100vw, 210px\" \/>\t\t\t\t\t<\/div>\n\n\t\t\t\t\t\t<\/div>\n\t\t\t\t<\/div>\n\t\t\t\t<\/div>\n\t\t\t\t\t<\/div>\n\t\t\t\t<\/div>\n\t\t\t\t<\/div>\n\t\t","protected":false},"excerpt":{"rendered":"<p>LLAMANDO AL MAESTRO Y SELECCIONANDO LA SOLUCI\u00d3N \u00d3PTIMA Hacemos todo para que ahorres tu tiempo. No tienes m\u00e1s que llamarnos<\/p>\n","protected":false},"author":1,"featured_media":0,"parent":0,"menu_order":0,"comment_status":"closed","ping_status":"closed","template":"","meta":{"footnotes":""},"class_list":["post-25124","page","type-page","status-publish","hentry"],"yoast_head":"<!-- This site is optimized with the Yoast SEO plugin v25.1 - https:\/\/yoast.com\/wordpress\/plugins\/seo\/ -->\n<title>Nuestros Servicios | Schtega. Fabricaci\u00f3n e Instalaci\u00f3n<\/title>\n<meta name=\"description\" content=\"Fabricaci\u00f3n, entrega e instalaci\u00f3n de ventanas y puertas de alta calidad. Soluciones personalizadas para hogares y empresas.\" \/>\n<meta name=\"robots\" content=\"index, follow, max-snippet:-1, max-image-preview:large, max-video-preview:-1\" \/>\n<link rel=\"canonical\" href=\"https:\/\/schtega.com\/es\/servicios\/\" \/>\n<meta property=\"og:locale\" content=\"es_ES\" \/>\n<meta property=\"og:type\" content=\"article\" \/>\n<meta property=\"og:title\" content=\"Nuestros Servicios | Schtega. Fabricaci\u00f3n e Instalaci\u00f3n\" \/>\n<meta property=\"og:description\" content=\"Fabricaci\u00f3n, entrega e instalaci\u00f3n de ventanas y puertas de alta calidad. Soluciones personalizadas para hogares y empresas.\" \/>\n<meta property=\"og:url\" content=\"https:\/\/schtega.com\/es\/servicios\/\" \/>\n<meta property=\"og:site_name\" content=\"Schtega. Ventanas y puertas en Espa\u00f1a\" \/>\n<meta property=\"article:modified_time\" content=\"2025-05-18T22:52:31+00:00\" \/>\n<meta property=\"og:image\" content=\"https:\/\/schtega.com\/wp-content\/uploads\/2025\/04\/1654604677_394824.jpg\" \/>\n\t<meta property=\"og:image:width\" content=\"691\" \/>\n\t<meta property=\"og:image:height\" content=\"784\" \/>\n\t<meta property=\"og:image:type\" content=\"image\/jpeg\" \/>\n<meta name=\"twitter:card\" content=\"summary_large_image\" \/>\n<meta name=\"twitter:label1\" content=\"Tiempo de lectura\" \/>\n\t<meta name=\"twitter:data1\" content=\"3 minutos\" \/>\n<script type=\"application\/ld+json\" class=\"yoast-schema-graph\">{\"@context\":\"https:\/\/schema.org\",\"@graph\":[{\"@type\":\"WebPage\",\"@id\":\"https:\/\/schtega.com\/es\/servicios\/\",\"url\":\"https:\/\/schtega.com\/es\/servicios\/\",\"name\":\"Nuestros Servicios | Schtega. Fabricaci\u00f3n e Instalaci\u00f3n\",\"isPartOf\":{\"@id\":\"https:\/\/schtega.com\/es\/#website\"},\"primaryImageOfPage\":{\"@id\":\"https:\/\/schtega.com\/es\/servicios\/#primaryimage\"},\"image\":{\"@id\":\"https:\/\/schtega.com\/es\/servicios\/#primaryimage\"},\"thumbnailUrl\":\"https:\/\/schtega.com\/wp-content\/uploads\/2025\/04\/1654604677_394824.jpg\",\"datePublished\":\"2025-04-18T08:38:59+00:00\",\"dateModified\":\"2025-05-18T22:52:31+00:00\",\"description\":\"Fabricaci\u00f3n, entrega e instalaci\u00f3n de ventanas y puertas de alta calidad. Soluciones personalizadas para hogares y empresas.\",\"breadcrumb\":{\"@id\":\"https:\/\/schtega.com\/es\/servicios\/#breadcrumb\"},\"inLanguage\":\"es\",\"potentialAction\":[{\"@type\":\"ReadAction\",\"target\":[\"https:\/\/schtega.com\/es\/servicios\/\"]}]},{\"@type\":\"ImageObject\",\"inLanguage\":\"es\",\"@id\":\"https:\/\/schtega.com\/es\/servicios\/#primaryimage\",\"url\":\"https:\/\/schtega.com\/wp-content\/uploads\/2025\/04\/1654604677_394824.jpg\",\"contentUrl\":\"https:\/\/schtega.com\/wp-content\/uploads\/2025\/04\/1654604677_394824.jpg\"},{\"@type\":\"BreadcrumbList\",\"@id\":\"https:\/\/schtega.com\/es\/servicios\/#breadcrumb\",\"itemListElement\":[{\"@type\":\"ListItem\",\"position\":1,\"name\":\"\u0413\u043b\u0430\u0432\u043d\u0430\u044f \u0441\u0442\u0440\u0430\u043d\u0438\u0446\u0430\",\"item\":\"https:\/\/schtega.com\/es\/\"},{\"@type\":\"ListItem\",\"position\":2,\"name\":\"Nuestros Servicios\"}]},{\"@type\":\"WebSite\",\"@id\":\"https:\/\/schtega.com\/es\/#website\",\"url\":\"https:\/\/schtega.com\/es\/\",\"name\":\"Schtega. Ventanas y puertas en Espa\u00f1a\",\"description\":\"Las ventanas y puertas de tu casa\",\"potentialAction\":[{\"@type\":\"SearchAction\",\"target\":{\"@type\":\"EntryPoint\",\"urlTemplate\":\"https:\/\/schtega.com\/es\/?s={search_term_string}\"},\"query-input\":{\"@type\":\"PropertyValueSpecification\",\"valueRequired\":true,\"valueName\":\"search_term_string\"}}],\"inLanguage\":\"es\"}]}<\/script>\n<!-- \/ Yoast SEO plugin. -->","yoast_head_json":{"title":"Nuestros Servicios | Schtega. Fabricaci\u00f3n e Instalaci\u00f3n","description":"Fabricaci\u00f3n, entrega e instalaci\u00f3n de ventanas y puertas de alta calidad. Soluciones personalizadas para hogares y empresas.","robots":{"index":"index","follow":"follow","max-snippet":"max-snippet:-1","max-image-preview":"max-image-preview:large","max-video-preview":"max-video-preview:-1"},"canonical":"https:\/\/schtega.com\/es\/servicios\/","og_locale":"es_ES","og_type":"article","og_title":"Nuestros Servicios | Schtega. Fabricaci\u00f3n e Instalaci\u00f3n","og_description":"Fabricaci\u00f3n, entrega e instalaci\u00f3n de ventanas y puertas de alta calidad. Soluciones personalizadas para hogares y empresas.","og_url":"https:\/\/schtega.com\/es\/servicios\/","og_site_name":"Schtega. Ventanas y puertas en Espa\u00f1a","article_modified_time":"2025-05-18T22:52:31+00:00","og_image":[{"width":691,"height":784,"url":"https:\/\/schtega.com\/wp-content\/uploads\/2025\/04\/1654604677_394824.jpg","type":"image\/jpeg"}],"twitter_card":"summary_large_image","twitter_misc":{"Tiempo de lectura":"3 minutos"},"schema":{"@context":"https:\/\/schema.org","@graph":[{"@type":"WebPage","@id":"https:\/\/schtega.com\/es\/servicios\/","url":"https:\/\/schtega.com\/es\/servicios\/","name":"Nuestros Servicios | Schtega. Fabricaci\u00f3n e Instalaci\u00f3n","isPartOf":{"@id":"https:\/\/schtega.com\/es\/#website"},"primaryImageOfPage":{"@id":"https:\/\/schtega.com\/es\/servicios\/#primaryimage"},"image":{"@id":"https:\/\/schtega.com\/es\/servicios\/#primaryimage"},"thumbnailUrl":"https:\/\/schtega.com\/wp-content\/uploads\/2025\/04\/1654604677_394824.jpg","datePublished":"2025-04-18T08:38:59+00:00","dateModified":"2025-05-18T22:52:31+00:00","description":"Fabricaci\u00f3n, entrega e instalaci\u00f3n de ventanas y puertas de alta calidad. Soluciones personalizadas para hogares y empresas.","breadcrumb":{"@id":"https:\/\/schtega.com\/es\/servicios\/#breadcrumb"},"inLanguage":"es","potentialAction":[{"@type":"ReadAction","target":["https:\/\/schtega.com\/es\/servicios\/"]}]},{"@type":"ImageObject","inLanguage":"es","@id":"https:\/\/schtega.com\/es\/servicios\/#primaryimage","url":"https:\/\/schtega.com\/wp-content\/uploads\/2025\/04\/1654604677_394824.jpg","contentUrl":"https:\/\/schtega.com\/wp-content\/uploads\/2025\/04\/1654604677_394824.jpg"},{"@type":"BreadcrumbList","@id":"https:\/\/schtega.com\/es\/servicios\/#breadcrumb","itemListElement":[{"@type":"ListItem","position":1,"name":"\u0413\u043b\u0430\u0432\u043d\u0430\u044f \u0441\u0442\u0440\u0430\u043d\u0438\u0446\u0430","item":"https:\/\/schtega.com\/es\/"},{"@type":"ListItem","position":2,"name":"Nuestros Servicios"}]},{"@type":"WebSite","@id":"https:\/\/schtega.com\/es\/#website","url":"https:\/\/schtega.com\/es\/","name":"Schtega. Ventanas y puertas en Espa\u00f1a","description":"Las ventanas y puertas de tu casa","potentialAction":[{"@type":"SearchAction","target":{"@type":"EntryPoint","urlTemplate":"https:\/\/schtega.com\/es\/?s={search_term_string}"},"query-input":{"@type":"PropertyValueSpecification","valueRequired":true,"valueName":"search_term_string"}}],"inLanguage":"es"}]}},"_links":{"self":[{"href":"https:\/\/schtega.com\/es\/wp-json\/wp\/v2\/pages\/25124","targetHints":{"allow":["GET"]}}],"collection":[{"href":"https:\/\/schtega.com\/es\/wp-json\/wp\/v2\/pages"}],"about":[{"href":"https:\/\/schtega.com\/es\/wp-json\/wp\/v2\/types\/page"}],"author":[{"embeddable":true,"href":"https:\/\/schtega.com\/es\/wp-json\/wp\/v2\/users\/1"}],"replies":[{"embeddable":true,"href":"https:\/\/schtega.com\/es\/wp-json\/wp\/v2\/comments?post=25124"}],"version-history":[{"count":47,"href":"https:\/\/schtega.com\/es\/wp-json\/wp\/v2\/pages\/25124\/revisions"}],"predecessor-version":[{"id":27674,"href":"https:\/\/schtega.com\/es\/wp-json\/wp\/v2\/pages\/25124\/revisions\/27674"}],"wp:attachment":[{"href":"https:\/\/schtega.com\/es\/wp-json\/wp\/v2\/media?parent=25124"}],"curies":[{"name":"wp","href":"https:\/\/api.w.org\/{rel}","templated":true}]}}